{"id":3144,"date":"2026-01-26T10:31:25","date_gmt":"2026-01-26T10:31:25","guid":{"rendered":"https:\/\/psyio.themeht.com\/?page_id=3144"},"modified":"2026-04-19T10:56:02","modified_gmt":"2026-04-19T10:56:02","slug":"accompagnements","status":"publish","type":"page","link":"http:\/\/aurelitherapie.fr\/?page_id=3144","title":{"rendered":"Mes accompagnements"},"content":{"rendered":"\t\t<div data-elementor-type=\"wp-page\" data-elementor-id=\"3144\" class=\"elementor elementor-3144\">\n\t\t\t\t<div class=\"elementor-element elementor-element-2f8cb99 e-flex e-con-boxed e-con e-parent\" data-id=\"2f8cb99\" data-element_type=\"container\" data-e-type=\"container\">\n\t\t\t\t\t<div class=\"e-con-inner\">\n\t\t<div class=\"elementor-element elementor-element-2983086 e-con-full e-flex e-con e-child\" data-id=\"2983086\" data-element_type=\"container\" data-e-type=\"container\">\n\t\t\t\t<div class=\"elementor-element elementor-element-e17356a elementor-widget__width-initial elementor-widget-tablet__width-inherit elementor-widget elementor-widget-title\" data-id=\"e17356a\" data-element_type=\"widget\" data-e-type=\"widget\" data-widget_type=\"title.default\">\n\t\t\t\t<div class=\"elementor-widget-container\">\n\t\t\t\t\t        <div class=\"theme-title style-1  text-start\">\r\n                        <h2 class=\"text-anime-style\">Chaque accompagnement est <span class=\"title-sub\"> individuel, personnalis\u00e9, <\/span> et s'adapte \u00e0 <span class=\"title-sub\"> votre situation <\/span> et \u00e0  <span class=\"title-sub\">vos objectifs.<\/span><\/h2>\r\n            <div><\/div>\r\n        <\/div>\r\n        \t\t\t\t<\/div>\n\t\t\t\t<\/div>\n\t\t\t\t<div class=\"elementor-element elementor-element-8e127f1 elementor-widget elementor-widget-image\" data-id=\"8e127f1\" data-element_type=\"widget\" data-e-type=\"widget\" data-widget_type=\"image.default\">\n\t\t\t\t\t\t\t\t\t\t\t\t\t\t\t<img fetchpriority=\"high\" decoding=\"async\" width=\"1920\" height=\"1080\" src=\"http:\/\/aurelitherapie.fr\/wp-content\/uploads\/2026\/01\/51.jpg\" class=\"attachment-full size-full wp-image-3280\" alt=\"\" srcset=\"http:\/\/aurelitherapie.fr\/wp-content\/uploads\/2026\/01\/51.jpg 1920w, http:\/\/aurelitherapie.fr\/wp-content\/uploads\/2026\/01\/51-300x169.jpg 300w, http:\/\/aurelitherapie.fr\/wp-content\/uploads\/2026\/01\/51-1024x576.jpg 1024w, http:\/\/aurelitherapie.fr\/wp-content\/uploads\/2026\/01\/51-768x432.jpg 768w, http:\/\/aurelitherapie.fr\/wp-content\/uploads\/2026\/01\/51-1536x864.jpg 1536w\" sizes=\"(max-width: 1920px) 100vw, 1920px\" \/>\t\t\t\t\t\t\t\t\t\t\t\t\t\t\t<\/div>\n\t\t\t\t<div class=\"elementor-element elementor-element-7732f7a elementor-widget elementor-widget-themeht-heading\" data-id=\"7732f7a\" data-element_type=\"widget\" data-e-type=\"widget\" data-widget_type=\"themeht-heading.default\">\n\t\t\t\t<div class=\"elementor-widget-container\">\n\t\t\t\t\t    <div class=\"center\">\r\n        <h4 class=\"ht-heading  \">\r\n            Chaque parcours est unique. Je propose diff\u00e9rentes modalit\u00e9s d'accompagnement pour m'adapter \u00e0 votre situation, votre rythme et vos besoins.        <\/h4>\r\n    <\/div>\r\n    \t\t\t\t<\/div>\n\t\t\t\t<\/div>\n\t\t\t\t<div class=\"elementor-element elementor-element-a1d52d0 elementor-widget__width-initial elementor-widget-tablet__width-inherit elementor-widget elementor-widget-title\" data-id=\"a1d52d0\" data-element_type=\"widget\" data-e-type=\"widget\" data-widget_type=\"title.default\">\n\t\t\t\t<div class=\"elementor-widget-container\">\n\t\t\t\t\t        <div class=\"theme-title style-1  text-center\">\r\n                        <h2 class=\"text-anime-style\">Un premier \u00e9change t\u00e9l\u00e9phonique d'une dizaine de minutes vous est propos\u00e9 <span class=\"title-sub\"> gratuitement.  <\/span> C'est un moment pour poser votre demande, poser vos questions, et v\u00e9rifier ensemble si ce cadre correspond \u00e0 votre situation.  <span class=\"title-sub\"> Sans engagement. <\/span> <\/h2>\r\n            <div><\/div>\r\n        <\/div>\r\n        \t\t\t\t<\/div>\n\t\t\t\t<\/div>\n\t\t\t\t<\/div>\n\t\t<div class=\"elementor-element elementor-element-35ee352 e-con-full e-flex e-con e-child\" data-id=\"35ee352\" data-element_type=\"container\" data-e-type=\"container\">\n\t\t<div class=\"elementor-element elementor-element-f3f1355 e-con-full white-bg widget e-flex e-con e-child\" data-id=\"f3f1355\" data-element_type=\"container\" data-e-type=\"container\">\n\t\t\t\t<div class=\"elementor-element elementor-element-643b9f8 elementor-widget elementor-widget-themeht-heading\" data-id=\"643b9f8\" data-element_type=\"widget\" data-e-type=\"widget\" data-widget_type=\"themeht-heading.default\">\n\t\t\t\t<div class=\"elementor-widget-container\">\n\t\t\t\t\t    <div class=\"\">\r\n        <h4 class=\"ht-heading widget-title \">\r\n            Contact Us        <\/h4>\r\n    <\/div>\r\n    \t\t\t\t<\/div>\n\t\t\t\t<\/div>\n\t\t\t\t<div class=\"elementor-element elementor-element-1b01251 elementor-widget elementor-widget-shortcode\" data-id=\"1b01251\" data-element_type=\"widget\" data-e-type=\"widget\" data-widget_type=\"shortcode.default\">\n\t\t\t\t\t\t\t<div class=\"elementor-shortcode\">\n<div class=\"wpcf7 no-js\" id=\"wpcf7-f799-o1\" lang=\"en-US\" dir=\"ltr\" data-wpcf7-id=\"799\">\n<div class=\"screen-reader-response\"><p role=\"status\" aria-live=\"polite\" aria-atomic=\"true\"><\/p> <ul><\/ul><\/div>\n<form action=\"\/index.php?rest_route=%2Fwp%2Fv2%2Fpages%2F3144#wpcf7-f799-o1\" method=\"post\" class=\"wpcf7-form init\" aria-label=\"Contact form\" novalidate=\"novalidate\" data-status=\"init\">\n<fieldset class=\"hidden-fields-container\"><input type=\"hidden\" name=\"_wpcf7\" value=\"799\" \/><input type=\"hidden\" name=\"_wpcf7_version\" value=\"6.1.5\" \/><input type=\"hidden\" name=\"_wpcf7_locale\" value=\"en_US\" \/><input type=\"hidden\" name=\"_wpcf7_unit_tag\" value=\"wpcf7-f799-o1\" \/><input type=\"hidden\" name=\"_wpcf7_container_post\" value=\"0\" \/><input type=\"hidden\" name=\"_wpcf7_posted_data_hash\" value=\"\" \/>\n<\/fieldset>\n<div class=\"contact-form\">   \n    <div class=\"mb-3\"><span class=\"wpcf7-form-control-wrap\" data-name=\"your-name\"><input size=\"40\" maxlength=\"400\" class=\"wpcf7-form-control wpcf7-text\" aria-invalid=\"false\" placeholder=\"Your Name\" value=\"\" type=\"text\" name=\"your-name\" \/><\/span><\/div>\n<div class=\"mb-3\"><span class=\"wpcf7-form-control-wrap\" data-name=\"your-email\"><input size=\"40\" maxlength=\"400\" class=\"wpcf7-form-control wpcf7-email wpcf7-validates-as-required wpcf7-text wpcf7-validates-as-email\" aria-required=\"true\" aria-invalid=\"false\" placeholder=\"Email Address\" value=\"\" type=\"email\" name=\"your-email\" \/><\/span><\/div>\n<div class=\"mb-3\"><span class=\"wpcf7-form-control-wrap\" data-name=\"tel-893\"><input size=\"40\" maxlength=\"400\" class=\"wpcf7-form-control wpcf7-tel wpcf7-validates-as-required wpcf7-text wpcf7-validates-as-tel\" aria-required=\"true\" aria-invalid=\"false\" placeholder=\"Phone\" value=\"\" type=\"tel\" name=\"tel-893\" \/><\/span><\/div>\n<div class=\"mb-3\"><span class=\"wpcf7-form-control-wrap\" data-name=\"menu-35\"><select class=\"wpcf7-form-control wpcf7-select wpcf7-validates-as-required\" aria-required=\"true\" aria-invalid=\"false\" name=\"menu-35\"><option value=\"Select Service\">Select Service<\/option><option value=\"Individual Counseling\">Individual Counseling<\/option><option value=\"Couples Counseling\">Couples Counseling<\/option><option value=\"Family Counseling\">Family Counseling<\/option><option value=\"Psychodynamic Service\">Psychodynamic Service<\/option><option value=\"Depression Therapy\">Depression Therapy<\/option><\/select><\/span><\/div>\n    <div class=\"mb-3\"><span class=\"wpcf7-form-control-wrap\" data-name=\"menu-736\"><select class=\"wpcf7-form-control wpcf7-select wpcf7-validates-as-required\" aria-required=\"true\" aria-invalid=\"false\" name=\"menu-736\"><option value=\"Select Doctor\">Select Doctor<\/option><option value=\"Dr.Nataly Jayne\">Dr.Nataly Jayne<\/option><option value=\"Dr.Ordonez Ethan\">Dr.Ordonez Ethan<\/option><\/select><\/span><\/div>        \n    <div class=\"mb-3\"><span class=\"wpcf7-form-control-wrap\" data-name=\"date-580\"><input class=\"wpcf7-form-control wpcf7-date wpcf7-validates-as-required wpcf7-validates-as-date\" aria-required=\"true\" aria-invalid=\"false\" value=\"\" type=\"date\" name=\"date-580\" \/><\/span><\/div>     \n    <div class=\"mb-3\"><span class=\"wpcf7-form-control-wrap\" data-name=\"your-message\"><textarea cols=\"40\" rows=\"10\" maxlength=\"2000\" class=\"wpcf7-form-control wpcf7-textarea\" aria-invalid=\"false\" placeholder=\"Type Your Message\" name=\"your-message\"><\/textarea><\/span><\/div>\n    <div class=\"mt-4\"><input class=\"wpcf7-form-control wpcf7-submit has-spinner\" type=\"submit\" value=\"Schedule a Session\" \/><\/div>\n  <\/div><div class=\"wpcf7-response-output\" aria-hidden=\"true\"><\/div>\n<\/form>\n<\/div>\n<\/div>\n\t\t\t\t\t\t<\/div>\n\t\t\t\t<\/div>\n\t\t\t\t<\/div>\n\t\t\t\t\t<\/div>\n\t\t\t\t<\/div>\n\t\t<div class=\"elementor-element elementor-element-20e6786 e-grid e-con-boxed e-con e-parent\" data-id=\"20e6786\" data-element_type=\"container\" data-e-type=\"container\">\n\t\t\t\t\t<div class=\"e-con-inner\">\n\t\t\t\t<div class=\"elementor-element elementor-element-b3f9b4a elementor-widget elementor-widget-feature\" data-id=\"b3f9b4a\" data-element_type=\"widget\" data-e-type=\"widget\" data-widget_type=\"feature.default\">\n\t\t\t\t<div class=\"elementor-widget-container\">\n\t\t\t\t\t\r\n                        <div class=\"featured-item style-1   \">\r\n                    <div class=\"ht-shape-btn\"><svg width=\"111\" height=\"111\" viewBox=\"0 0 111 111\" fill=\"none\" xmlns=\"http:\/\/www.w3.org\/2000\/svg\">\r\n                        <path fill-rule=\"evenodd\" clip-rule=\"evenodd\" d=\"M0 0C19.33 0 35 15.67 35 35V41C35 60.33 50.67 76 70 76H76C95.33 76 111 91.67 111 111V0H0Z\" fill=\"none\"><\/path>\r\n                    <\/svg><\/div>\r\n                    \r\n                                        <div class=\"featured-icon \"><i class=\"flaticon flaticon-physical-wellbeing\"><\/i><\/div>\r\n                                <div class=\"featured-desc\">\r\n                <div class=\"featured-title\">\r\n            <h4>Adultes en souffrance psychique<\/h4>\r\n          <\/div>\r\n            <p>Vous traversez une p\u00e9riode difficile, ou quelque chose p\u00e8se depuis longtemps sans que vous parveniez \u00e0 vous en d\u00e9faire.<\/p><p>J'accompagne les adultes confront\u00e9s \u00e0 :<\/p><ul><li style=\"list-style-type: none;\"><ul><li>Stress, angoisses, anxi\u00e9t\u00e9 chronique<\/li><li>Difficult\u00e9s \u00e0 r\u00e9guler les \u00e9motions, hypersensibilit\u00e9<\/li><li>Manque de confiance en soi, croyances limitantes<\/li><li>D\u00e9pendance affective, sch\u00e9mas relationnels toxiques<\/li><li>Traumatismes, deuil, s\u00e9paration, choc affectif<\/li><li>\u00c9pisodes d\u00e9pressifs, peurs, phobies, trouble panique<\/li><li>Sch\u00e9mas r\u00e9p\u00e9titifs, auto-sabotage, addictions<\/li><li>Douleurs chroniques et probl\u00e8mes somatiques<\/li><li>Blocages dans vos projets de vie, personnels ou professionnels<\/li><\/ul><\/li><\/ul>            \r\n          <\/div>\r\n           \r\n        <\/div>\r\n                            \r\n                        \r\n                        \r\n                        \r\n            \r\n        \t\t\t\t<\/div>\n\t\t\t\t<\/div>\n\t\t\t\t<div class=\"elementor-element elementor-element-6eb6722 elementor-widget elementor-widget-feature\" data-id=\"6eb6722\" data-element_type=\"widget\" data-e-type=\"widget\" data-widget_type=\"feature.default\">\n\t\t\t\t<div class=\"elementor-widget-container\">\n\t\t\t\t\t\r\n                        <div class=\"featured-item style-1   \">\r\n                    <div class=\"ht-shape-btn\"><svg width=\"111\" height=\"111\" viewBox=\"0 0 111 111\" fill=\"none\" xmlns=\"http:\/\/www.w3.org\/2000\/svg\">\r\n                        <path fill-rule=\"evenodd\" clip-rule=\"evenodd\" d=\"M0 0C19.33 0 35 15.67 35 35V41C35 60.33 50.67 76 70 76H76C95.33 76 111 91.67 111 111V0H0Z\" fill=\"none\"><\/path>\r\n                    <\/svg><\/div>\r\n                    \r\n                                        <div class=\"featured-icon \"><i class=\"flaticon flaticon-cognitive\"><\/i><\/div>\r\n                                <div class=\"featured-desc\">\r\n                <div class=\"featured-title\">\r\n            <h4>Adolescents<\/h4>\r\n          <\/div>\r\n            <p>L'adolescence est une p\u00e9riode de transformation intense, parfois d\u00e9stabilisante. Certaines souffrances m\u00e9ritent un espace pour \u00eatre entendues et comprises, en dehors du cercle familial.<\/p><p>J'accompagne les adolescents qui traversent :<\/p><ul><li>Une anxi\u00e9t\u00e9 ou un mal-\u00eatre persistant<\/li><li>Des difficult\u00e9s relationnelles ou un sentiment d'isolement<\/li><li>Un manque de confiance en eux ou une image n\u00e9gative d'eux-m\u00eames<\/li><li>Des \u00e9motions difficiles \u00e0 r\u00e9guler ou \u00e0 exprimer<\/li><li>Un \u00e9v\u00e9nement traumatisant ou un choc \u00e9motionnel<\/li><li>Des blocages scolaires ou dans leurs projets<\/li><\/ul><p><em>Les consultations peuvent se faire en visio ou \u00e0 domicile, avec l'accord des parents pour les mineurs.<\/em><\/p>            \r\n          <\/div>\r\n           \r\n        <\/div>\r\n                            \r\n                        \r\n                        \r\n                        \r\n            \r\n        \t\t\t\t<\/div>\n\t\t\t\t<\/div>\n\t\t\t\t<div class=\"elementor-element elementor-element-8896818 elementor-widget elementor-widget-feature\" data-id=\"8896818\" data-element_type=\"widget\" data-e-type=\"widget\" data-widget_type=\"feature.default\">\n\t\t\t\t<div class=\"elementor-widget-container\">\n\t\t\t\t\t\r\n                        <div class=\"featured-item style-1   \">\r\n                    <div class=\"ht-shape-btn\"><svg width=\"111\" height=\"111\" viewBox=\"0 0 111 111\" fill=\"none\" xmlns=\"http:\/\/www.w3.org\/2000\/svg\">\r\n                        <path fill-rule=\"evenodd\" clip-rule=\"evenodd\" d=\"M0 0C19.33 0 35 15.67 35 35V41C35 60.33 50.67 76 70 76H76C95.33 76 111 91.67 111 111V0H0Z\" fill=\"none\"><\/path>\r\n                    <\/svg><\/div>\r\n                    \r\n                                        <div class=\"featured-icon \"><i class=\"flaticon flaticon-physical-wellbeing\"><\/i><\/div>\r\n                                <div class=\"featured-desc\">\r\n                <div class=\"featured-title\">\r\n            <h4>Enfants<\/h4>\r\n          <\/div>\r\n            <p>D\u00e8s que le travail de parole est possible, j'accompagne les enfants dans un espace adapt\u00e9, bienveillant et s\u00e9curisant.<\/p><p>Pour les jeunes enfants, je pr\u00e9conise une consultation \u00e0 domicile, afin qu'ils puissent \u00eatre dans un environnement familier et en toute confiance.<\/p><p>J'accompagne les enfants confront\u00e9s \u00e0 :<\/p><ul><li>Angoisses, peurs ou \u00e9motions difficiles \u00e0 exprimer<\/li><li>Difficult\u00e9s relationnelles ou sentiment d'isolement<\/li><li>Manque de confiance en soi<\/li><li>Blocages scolaires ou inhibitions<\/li><li>Traumatismes ou chocs \u00e9motionnels<\/li><li>Troubles du comportement ou agitation<\/li><\/ul><p><em>Les consultations se font avec l'accord et l'implication des parents.<\/em><\/p>            \r\n          <\/div>\r\n           \r\n        <\/div>\r\n                            \r\n                        \r\n                        \r\n                        \r\n            \r\n        \t\t\t\t<\/div>\n\t\t\t\t<\/div>\n\t\t\t\t<div class=\"elementor-element elementor-element-5bd3e21 elementor-widget elementor-widget-feature\" data-id=\"5bd3e21\" data-element_type=\"widget\" data-e-type=\"widget\" data-widget_type=\"feature.default\">\n\t\t\t\t<div class=\"elementor-widget-container\">\n\t\t\t\t\t\r\n                        <div class=\"featured-item style-1   \">\r\n                    <div class=\"ht-shape-btn\"><svg width=\"111\" height=\"111\" viewBox=\"0 0 111 111\" fill=\"none\" xmlns=\"http:\/\/www.w3.org\/2000\/svg\">\r\n                        <path fill-rule=\"evenodd\" clip-rule=\"evenodd\" d=\"M0 0C19.33 0 35 15.67 35 35V41C35 60.33 50.67 76 70 76H76C95.33 76 111 91.67 111 111V0H0Z\" fill=\"none\"><\/path>\r\n                    <\/svg><\/div>\r\n                    \r\n                                        <div class=\"featured-icon \"><i class=\"flaticon flaticon-cognitive\"><\/i><\/div>\r\n                                <div class=\"featured-desc\">\r\n                <div class=\"featured-title\">\r\n            <h4>Entreprises \u2014 Accompagnements & Ateliers<\/h4>\r\n          <\/div>\r\n            <p>J'interviens au sein des entreprises pour soutenir le bien-\u00eatre des \u00e9quipes et favoriser un environnement de travail plus sain et plus humain.<\/p><p>Mes interventions comprennent :<\/p><ul><li>Accompagnement individuel en entreprise : soutien psychologique pour les collaborateurs traversant une p\u00e9riode de vuln\u00e9rabilit\u00e9<\/li><li>Ateliers th\u00e9rapeutiques : espaces de parole et de compr\u00e9hension autour du fonctionnement \u00e9motionnel et des sch\u00e9mas relationnels<\/li><li>Coh\u00e9sion d'\u00e9quipe : interventions visant \u00e0 am\u00e9liorer la qualit\u00e9 des relations professionnelles et la dynamique collective<\/li><\/ul><p>Les interventions en entreprise sont enti\u00e8rement personnalis\u00e9es selon vos besoins et votre contexte.<\/p><p><em>Tarification sur devis \u2014 Contactez-moi pour \u00e9changer sur votre projet<\/em><\/p>            \r\n          <\/div>\r\n           \r\n        <\/div>\r\n                            \r\n                        \r\n                        \r\n                        \r\n            \r\n        \t\t\t\t<\/div>\n\t\t\t\t<\/div>\n\t\t\t\t\t<\/div>\n\t\t\t\t<\/div>\n\t\t\t\t<\/div>\n\t\t","protected":false},"excerpt":{"rendered":"<p>Chaque accompagnement est individuel, personnalis\u00e9, et s&#8217;adapte \u00e0 votre situation et \u00e0 vos objectifs. Chaque parcours est unique. Je propose diff\u00e9rentes modalit\u00e9s d&#8217;accompagnement pour m&#8217;adapter \u00e0 votre situation, votre rythme et vos besoins. Un premier \u00e9change t\u00e9l\u00e9phonique d&#8217;une dizaine de minutes vous est propos\u00e9 gratuitement. C&#8217;est un moment pour poser votre demande, poser vos questions, [&hellip;]<\/p>\n","protected":false},"author":1,"featured_media":0,"parent":0,"menu_order":0,"comment_status":"closed","ping_status":"closed","template":"","meta":{"_monsterinsights_skip_tracking":false,"_monsterinsights_sitenote_active":false,"_monsterinsights_sitenote_note":"","_monsterinsights_sitenote_category":0,"footnotes":""},"class_list":["post-3144","page","type-page","status-publish","hentry"],"aioseo_notices":[],"_links":{"self":[{"href":"http:\/\/aurelitherapie.fr\/index.php?rest_route=\/wp\/v2\/pages\/3144","targetHints":{"allow":["GET"]}}],"collection":[{"href":"http:\/\/aurelitherapie.fr\/index.php?rest_route=\/wp\/v2\/pages"}],"about":[{"href":"http:\/\/aurelitherapie.fr\/index.php?rest_route=\/wp\/v2\/types\/page"}],"author":[{"embeddable":true,"href":"http:\/\/aurelitherapie.fr\/index.php?rest_route=\/wp\/v2\/users\/1"}],"replies":[{"embeddable":true,"href":"http:\/\/aurelitherapie.fr\/index.php?rest_route=%2Fwp%2Fv2%2Fcomments&post=3144"}],"version-history":[{"count":122,"href":"http:\/\/aurelitherapie.fr\/index.php?rest_route=\/wp\/v2\/pages\/3144\/revisions"}],"predecessor-version":[{"id":4389,"href":"http:\/\/aurelitherapie.fr\/index.php?rest_route=\/wp\/v2\/pages\/3144\/revisions\/4389"}],"wp:attachment":[{"href":"http:\/\/aurelitherapie.fr\/index.php?rest_route=%2Fwp%2Fv2%2Fmedia&parent=3144"}],"curies":[{"name":"wp","href":"https:\/\/api.w.org\/{rel}","templated":true}]}}