{"id":932,"date":"2026-01-17T08:49:31","date_gmt":"2026-01-17T08:49:31","guid":{"rendered":"https:\/\/psyio.themeht.com\/?page_id=932"},"modified":"2026-04-19T09:59:22","modified_gmt":"2026-04-19T09:59:22","slug":"qui-suis-je","status":"publish","type":"page","link":"http:\/\/aurelitherapie.fr\/?page_id=932","title":{"rendered":"Qui suis-je ?"},"content":{"rendered":"\t\t<div data-elementor-type=\"wp-page\" data-elementor-id=\"932\" class=\"elementor elementor-932\">\n\t\t\t\t<div class=\"elementor-element elementor-element-a96f848 e-flex e-con-boxed e-con e-parent\" data-id=\"a96f848\" data-element_type=\"container\" data-e-type=\"container\">\n\t\t\t\t\t<div class=\"e-con-inner\">\n\t\t<div class=\"elementor-element elementor-element-91cdae6 e-con-full white-bg gsap-sec-animation-none e-flex e-con e-child\" data-id=\"91cdae6\" data-element_type=\"container\" data-e-type=\"container\">\n\t\t\t\t<div class=\"elementor-element elementor-element-d299d3d elementor-widget elementor-widget-image\" data-id=\"d299d3d\" data-element_type=\"widget\" data-e-type=\"widget\" data-widget_type=\"image.default\">\n\t\t\t\t\t\t\t\t\t\t\t\t\t\t\t<img fetchpriority=\"high\" decoding=\"async\" width=\"800\" height=\"800\" src=\"http:\/\/aurelitherapie.fr\/wp-content\/uploads\/2026\/01\/doctor01.jpg\" class=\"attachment-full size-full wp-image-453\" alt=\"\" srcset=\"http:\/\/aurelitherapie.fr\/wp-content\/uploads\/2026\/01\/doctor01.jpg 800w, http:\/\/aurelitherapie.fr\/wp-content\/uploads\/2026\/01\/doctor01-300x300.jpg 300w, http:\/\/aurelitherapie.fr\/wp-content\/uploads\/2026\/01\/doctor01-150x150.jpg 150w, http:\/\/aurelitherapie.fr\/wp-content\/uploads\/2026\/01\/doctor01-768x768.jpg 768w, http:\/\/aurelitherapie.fr\/wp-content\/uploads\/2026\/01\/doctor01-600x600.jpg 600w, http:\/\/aurelitherapie.fr\/wp-content\/uploads\/2026\/01\/doctor01-700x700.jpg 700w\" sizes=\"(max-width: 800px) 100vw, 800px\" \/>\t\t\t\t\t\t\t\t\t\t\t\t\t\t\t<\/div>\n\t\t<div class=\"elementor-element elementor-element-47a0f00 e-con-full e-flex e-con e-child\" data-id=\"47a0f00\" data-element_type=\"container\" data-e-type=\"container\">\n\t\t\t\t<div class=\"elementor-element elementor-element-90b3ea0 elementor-widget elementor-widget-themeht-heading\" data-id=\"90b3ea0\" data-element_type=\"widget\" data-e-type=\"widget\" data-widget_type=\"themeht-heading.default\">\n\t\t\t\t<div class=\"elementor-widget-container\">\n\t\t\t\t\t    <div class=\"\">\r\n        <p class=\"ht-heading  text-theme\">\r\n            Th\u00e9rapeute en psychologie        <\/p>\r\n    <\/div>\r\n    \t\t\t\t<\/div>\n\t\t\t\t<\/div>\n\t\t\t\t<div class=\"elementor-element elementor-element-f6b1084 elementor-widget elementor-widget-themeht-heading\" data-id=\"f6b1084\" data-element_type=\"widget\" data-e-type=\"widget\" data-widget_type=\"themeht-heading.default\">\n\t\t\t\t<div class=\"elementor-widget-container\">\n\t\t\t\t\t    <div class=\"\">\r\n        <h4 class=\"ht-heading mb-0 \">\r\n            Aur\u00e9lie Schaal        <\/h4>\r\n    <\/div>\r\n    \t\t\t\t<\/div>\n\t\t\t\t<\/div>\n\t\t\t\t<\/div>\n\t\t<div class=\"elementor-element elementor-element-912057e e-con-full e-flex e-con e-child\" data-id=\"912057e\" data-element_type=\"container\" data-e-type=\"container\">\n\t\t\t\t<div class=\"elementor-element elementor-element-bd0dc9b elementor-widget elementor-widget-contact-list\" data-id=\"bd0dc9b\" data-element_type=\"widget\" data-e-type=\"widget\" data-widget_type=\"contact-list.default\">\n\t\t\t\t<div class=\"elementor-widget-container\">\n\t\t\t\t\t\r\n        <div class=\"contact-media text-left\">\r\n    <ul class=\"list-unstyled mb-0 contact-info\">\r\n                    <li class=\"d-flex\">\r\n                                    <div  class=\"contact-icon\">\r\n                        <i aria-hidden=\"true\" class=\"flaticon flaticon-telephone\"><\/i>                    <\/div>\r\n                \r\n                <div class=\"contact-details\">\r\n                                            <span class=\"contact-title d-block\">T\u00e9l\u00e9phone:<\/span>\r\n                    \r\n                                            <span class=\"mb-0\">07 43 60 44 43<\/span>\r\n                                    <\/div>\r\n            <\/li>\r\n                    <li class=\"d-flex\">\r\n                                    <div  class=\"contact-icon\">\r\n                        <i aria-hidden=\"true\" class=\"flaticon flaticon-email\"><\/i>                    <\/div>\r\n                \r\n                <div class=\"contact-details\">\r\n                                            <span class=\"contact-title d-block\">Email:<\/span>\r\n                    \r\n                                            <a href=\"https:\/\/your-link.com\">contact@aurelitherapie.fr<\/a>\r\n                                    <\/div>\r\n            <\/li>\r\n                    <li class=\"d-flex\">\r\n                                    <div  class=\"contact-icon\">\r\n                        <i aria-hidden=\"true\" class=\"bi bi-instagram\"><\/i>                    <\/div>\r\n                \r\n                <div class=\"contact-details\">\r\n                                            <span class=\"contact-title d-block\">Instagram<\/span>\r\n                    \r\n                                            <a href=\"https:\/\/your-link.com\">insta<\/a>\r\n                                    <\/div>\r\n            <\/li>\r\n                    <li class=\"d-flex\">\r\n                                    <div  class=\"contact-icon\">\r\n                        <i aria-hidden=\"true\" class=\"bi bi-linkedin\"><\/i>                    <\/div>\r\n                \r\n                <div class=\"contact-details\">\r\n                                            <span class=\"contact-title d-block\">LinkedIn<\/span>\r\n                    \r\n                                            <a href=\"https:\/\/your-link.com\">LinkedIn<\/a>\r\n                                    <\/div>\r\n            <\/li>\r\n            <\/ul>\r\n<\/div>\r\n\r\n\r\n        \t\t\t\t<\/div>\n\t\t\t\t<\/div>\n\t\t\t\t<\/div>\n\t\t\t\t<\/div>\n\t\t<div class=\"elementor-element elementor-element-bd21ca8 e-con-full e-flex e-con e-child\" data-id=\"bd21ca8\" data-element_type=\"container\" data-e-type=\"container\">\n\t\t\t\t<div class=\"elementor-element elementor-element-5d9c417 elementor-widget elementor-widget-themeht-heading\" data-id=\"5d9c417\" data-element_type=\"widget\" data-e-type=\"widget\" data-widget_type=\"themeht-heading.default\">\n\t\t\t\t<div class=\"elementor-widget-container\">\n\t\t\t\t\t    <div class=\"\">\r\n        <h3 class=\"ht-heading mb-0 \">\r\n            Je suis Aur\u00e9lie Schaal, Th\u00e9rapeute psychanalytique.        <\/h3>\r\n    <\/div>\r\n    \t\t\t\t<\/div>\n\t\t\t\t<\/div>\n\t\t\t\t<div class=\"elementor-element elementor-element-e68fb20 elementor-drop-cap-yes elementor-drop-cap-view-default elementor-widget elementor-widget-text-editor\" data-id=\"e68fb20\" data-element_type=\"widget\" data-e-type=\"widget\" data-settings=\"{&quot;drop_cap&quot;:&quot;yes&quot;}\" data-widget_type=\"text-editor.default\">\n\t\t\t\t\t\t\t\t\t<p>Je suis th\u00e9rapeute parce que la question du fonctionnement humain m&#8217;a toujours sembl\u00e9 \u00eatre la plus importante qui soit.<\/p><p>Pas dans un sens abstrait. Dans le sens tr\u00e8s concret de : pourquoi est-ce que cette personne souffre ? Pourquoi est-ce que cette douleur revient, m\u00eame quand on pensait s&#8217;en \u00eatre d\u00e9barrass\u00e9 ? Pourquoi est-ce que quelque chose r\u00e9siste, malgr\u00e9 la conscience, malgr\u00e9 les efforts, malgr\u00e9 le temps qui passe ?<\/p><p>Ces questions m&#8217;ont accompagn\u00e9e tout au long de mon parcours, d&#8217;abord aupr\u00e8s de publics en difficult\u00e9 et d&#8217;enfants accompagn\u00e9s \u00e0 la protection de l&#8217;enfance, puis dans la pratique th\u00e9rapeutique que j&#8217;exerce aujourd&#8217;hui. Elles sont au c\u0153ur de ce que je fais, et de la fa\u00e7on dont je l&#8217;approche.<\/p><p>Ce que j&#8217;ai appris, au fil des ann\u00e9es, c&#8217;est que ce qui se r\u00e9p\u00e8te n&#8217;est jamais le fruit du hasard. Ni d&#8217;un manque de volont\u00e9. Ni d&#8217;un d\u00e9faut de caract\u00e8re.<\/p><p style=\"text-align: center;\"><em><span style=\"color: #d17e21;\">&#8220;Ce qui se r\u00e9p\u00e8te a une logique&#8221;<\/span><\/em><\/p><p>Une organisation int\u00e9rieure construite \u00e0 une \u00e9poque o\u00f9 elle \u00e9tait n\u00e9cessaire, pour tenir, pour se prot\u00e9ger, pour fonctionner dans un environnement donn\u00e9. Et qui continue, longtemps apr\u00e8s, d&#8217;orienter les r\u00e9actions, les choix, les relations, souvent \u00e0 l&#8217;insu de la personne, parfois malgr\u00e9 toute sa lucidit\u00e9.<\/p><p>Comprendre cette logique, pas la corriger, pas la g\u00e9rer, la comprendre, c&#8217;est ce qui permet que quelque chose change vraiment. Pas parce qu&#8217;on a d\u00e9cid\u00e9 de changer. Parce que la r\u00e9p\u00e9tition n&#8217;a plus de raison d&#8217;\u00eatre.<\/p>\t\t\t\t\t\t\t\t<\/div>\n\t\t\t\t<div class=\"elementor-element elementor-element-8259dbf elementor-widget elementor-widget-themeht-heading\" data-id=\"8259dbf\" data-element_type=\"widget\" data-e-type=\"widget\" data-widget_type=\"themeht-heading.default\">\n\t\t\t\t<div class=\"elementor-widget-container\">\n\t\t\t\t\t    <div class=\"\">\r\n        <h3 class=\"ht-heading mb-0 \">\r\n            Valeurs        <\/h3>\r\n    <\/div>\r\n    \t\t\t\t<\/div>\n\t\t\t\t<\/div>\n\t\t<div class=\"elementor-element elementor-element-2d61955 e-grid e-con-full e-con e-child\" data-id=\"2d61955\" data-element_type=\"container\" data-e-type=\"container\">\n\t\t\t\t<div class=\"elementor-element elementor-element-e4882b9 elementor-widget elementor-widget-list_style\" data-id=\"e4882b9\" data-element_type=\"widget\" data-e-type=\"widget\" data-widget_type=\"list_style.default\">\n\t\t\t\t<div class=\"elementor-widget-container\">\n\t\t\t\t\t\r\n        <!-- Start rendering the output -->\r\n        \r\n        <ul class=\"list-unstyled list-icon style-1\">\r\n            <li>\r\n            <i class=\"flaticon flaticon-check-mark-1\"><\/i>            Confidentialit\u00e9 absolue        <\/li>\r\n            <li>\r\n            <i class=\"flaticon flaticon-check-mark-1\"><\/i>            Bienveillance sans jugement        <\/li>\r\n            <li>\r\n            <i class=\"flaticon flaticon-check-mark-1\"><\/i>            Rigueur et engagement        <\/li>\r\n            <li>\r\n            <i class=\"flaticon flaticon-check-mark-1\"><\/i>            Respect du rythme de chacun        <\/li>\r\n    <\/ul>\r\n\r\n        <!-- End rendering the output -->\r\n\r\n\r\n\r\n        \t\t\t\t<\/div>\n\t\t\t\t<\/div>\n\t\t\t\t<div class=\"elementor-element elementor-element-b896e37 elementor-button-info elementor-align-right elementor-invisible elementor-widget elementor-widget-button\" data-id=\"b896e37\" data-element_type=\"widget\" data-e-type=\"widget\" data-settings=\"{&quot;_animation&quot;:&quot;tada&quot;,&quot;_animation_delay&quot;:100}\" data-widget_type=\"button.default\">\n\t\t\t\t\t\t\t\t\t\t<a class=\"elementor-button elementor-button-link elementor-size-sm elementor-animation-pulse\" href=\"#\">\n\t\t\t\t\t\t<span class=\"elementor-button-content-wrapper\">\n\t\t\t\t\t\t<span class=\"elementor-button-icon\">\n\t\t\t\t<svg aria-hidden=\"true\" class=\"e-font-icon-svg e-far-arrow-alt-circle-right\" viewBox=\"0 0 512 512\" xmlns=\"http:\/\/www.w3.org\/2000\/svg\"><path d=\"M504 256C504 119 393 8 256 8S8 119 8 256s111 248 248 248 248-111 248-248zm-448 0c0-110.5 89.5-200 200-200s200 89.5 200 200-89.5 200-200 200S56 366.5 56 256zm72 20v-40c0-6.6 5.4-12 12-12h116v-67c0-10.7 12.9-16 20.5-8.5l99 99c4.7 4.7 4.7 12.3 0 17l-99 99c-7.6 7.6-20.5 2.2-20.5-8.5v-67H140c-6.6 0-12-5.4-12-12z\"><\/path><\/svg>\t\t\t<\/span>\n\t\t\t\t\t\t\t\t\t<span class=\"elementor-button-text\">Premier \u00e9change offert <\/span>\n\t\t\t\t\t<\/span>\n\t\t\t\t\t<\/a>\n\t\t\t\t\t\t\t\t<\/div>\n\t\t\t\t<\/div>\n\t\t\t\t<\/div>\n\t\t\t\t\t<\/div>\n\t\t\t\t<\/div>\n\t\t<div class=\"elementor-element elementor-element-8c715cc e-flex e-con-boxed e-con e-parent\" data-id=\"8c715cc\" data-element_type=\"container\" data-e-type=\"container\">\n\t\t\t\t\t<div class=\"e-con-inner\">\n\t\t\t\t<div class=\"elementor-element elementor-element-0bfe930 elementor-widget elementor-widget-marquee-animation\" data-id=\"0bfe930\" data-element_type=\"widget\" data-e-type=\"widget\" data-widget_type=\"marquee-animation.default\">\n\t\t\t\t<div class=\"elementor-widget-container\">\n\t\t\t\t\t    <div class=\"marquee-wrap style2 \">\r\n        <div class=\"marquee-inner \" style=\"--scroll-speed: 145s;\">\r\n            <div class=\"marquee-content\">\r\n                                    <div class=\"marquee-text\">\r\n                        <span>Racines \u2022 \u00c9veil \u2022 Conscience \u2022 Racines \u2022 \u00c9veil \u2022 Conscience \u2022 Racines \u2022 \u00c9veil \u2022 Conscience \u2022 Racines \u2022 \u00c9veil \u2022 Conscience \u2022 Racines \u2022 \u00c9veil \u2022 Conscience \u2022 Racines \u2022 \u00c9veil \u2022 Conscience \u2022 Racines \u2022 \u00c9veil \u2022 Conscience \u2022 Racines \u2022 \u00c9veil \u2022 Conscience \u2022 Racines \u2022 \u00c9veil \u2022 Conscience \u2022 Racines \u2022 \u00c9veil \u2022 Conscience \u2022 Racines \u2022 \u00c9veil \u2022 Conscience \u2022 Racines \u2022 \u00c9veil \u2022 Conscience \u2022 Racines \u2022 \u00c9veil \u2022 Conscience \u2022 Racines \u2022 \u00c9veil \u2022 Conscience \u2022 Racines \u2022 \u00c9veil \u2022 Conscience \u2022 Racines \u2022 \u00c9veil \u2022 Conscience  <\/span>\r\n                                            <\/div>\r\n                                <!-- Duplicate the list for seamless looping -->\r\n                                    <div class=\"marquee-text\">\r\n                        <span>Racines \u2022 \u00c9veil \u2022 Conscience \u2022 Racines \u2022 \u00c9veil \u2022 Conscience \u2022 Racines \u2022 \u00c9veil \u2022 Conscience \u2022 Racines \u2022 \u00c9veil \u2022 Conscience \u2022 Racines \u2022 \u00c9veil \u2022 Conscience \u2022 Racines \u2022 \u00c9veil \u2022 Conscience \u2022 Racines \u2022 \u00c9veil \u2022 Conscience \u2022 Racines \u2022 \u00c9veil \u2022 Conscience \u2022 Racines \u2022 \u00c9veil \u2022 Conscience \u2022 Racines \u2022 \u00c9veil \u2022 Conscience \u2022 Racines \u2022 \u00c9veil \u2022 Conscience \u2022 Racines \u2022 \u00c9veil \u2022 Conscience \u2022 Racines \u2022 \u00c9veil \u2022 Conscience \u2022 Racines \u2022 \u00c9veil \u2022 Conscience \u2022 Racines \u2022 \u00c9veil \u2022 Conscience \u2022 Racines \u2022 \u00c9veil \u2022 Conscience  <\/span>\r\n                                            <\/div>\r\n                            <\/div>\r\n        <\/div>\r\n    <\/div>\r\n    \t\t\t\t<\/div>\n\t\t\t\t<\/div>\n\t\t\t\t\t<\/div>\n\t\t\t\t<\/div>\n\t\t\t\t<\/div>\n\t\t","protected":false},"excerpt":{"rendered":"<p>Th\u00e9rapeute en psychologie Aur\u00e9lie Schaal T\u00e9l\u00e9phone: 07 43 60 44 43 Email: contact@aurelitherapie.fr Instagram insta LinkedIn LinkedIn Je suis Aur\u00e9lie Schaal, Th\u00e9rapeute psychanalytique. Je suis th\u00e9rapeute parce que la question du fonctionnement humain m&#8217;a toujours sembl\u00e9 \u00eatre la plus importante qui soit. Pas dans un sens abstrait. Dans le sens tr\u00e8s concret de : pourquoi [&hellip;]<\/p>\n","protected":false},"author":1,"featured_media":0,"parent":0,"menu_order":0,"comment_status":"closed","ping_status":"closed","template":"","meta":{"_monsterinsights_skip_tracking":false,"_monsterinsights_sitenote_active":false,"_monsterinsights_sitenote_note":"","_monsterinsights_sitenote_category":0,"footnotes":""},"class_list":["post-932","page","type-page","status-publish","hentry"],"aioseo_notices":[],"_links":{"self":[{"href":"http:\/\/aurelitherapie.fr\/index.php?rest_route=\/wp\/v2\/pages\/932","targetHints":{"allow":["GET"]}}],"collection":[{"href":"http:\/\/aurelitherapie.fr\/index.php?rest_route=\/wp\/v2\/pages"}],"about":[{"href":"http:\/\/aurelitherapie.fr\/index.php?rest_route=\/wp\/v2\/types\/page"}],"author":[{"embeddable":true,"href":"http:\/\/aurelitherapie.fr\/index.php?rest_route=\/wp\/v2\/users\/1"}],"replies":[{"embeddable":true,"href":"http:\/\/aurelitherapie.fr\/index.php?rest_route=%2Fwp%2Fv2%2Fcomments&post=932"}],"version-history":[{"count":146,"href":"http:\/\/aurelitherapie.fr\/index.php?rest_route=\/wp\/v2\/pages\/932\/revisions"}],"predecessor-version":[{"id":4328,"href":"http:\/\/aurelitherapie.fr\/index.php?rest_route=\/wp\/v2\/pages\/932\/revisions\/4328"}],"wp:attachment":[{"href":"http:\/\/aurelitherapie.fr\/index.php?rest_route=%2Fwp%2Fv2%2Fmedia&parent=932"}],"curies":[{"name":"wp","href":"https:\/\/api.w.org\/{rel}","templated":true}]}}